{"id":133,"date":"2025-09-25T11:44:31","date_gmt":"2025-09-25T09:44:31","guid":{"rendered":"https:\/\/krestanskemysleni.cz\/?page_id=133"},"modified":"2025-09-25T16:57:42","modified_gmt":"2025-09-25T14:57:42","slug":"katolicka-teologie","status":"publish","type":"page","link":"https:\/\/krestanskemysleni.cz\/en\/katolicka-teologie\/","title":{"rendered":"Catholic Theology PhD"},"content":{"rendered":"<div class=\"wp-block-cover is-light\" style=\"min-height:700px;aspect-ratio:unset;\"><img loading=\"lazy\" decoding=\"async\" width=\"1920\" height=\"878\" class=\"wp-block-cover__image-background wp-image-24 size-full\" alt=\"\" src=\"https:\/\/krestanskemysleni.cz\/wp-content\/uploads\/2025\/09\/9eccec_921a1af0cd4841fb8f485e86bf04848emv2.avif\" data-object-fit=\"cover\"\/><span aria-hidden=\"true\" class=\"wp-block-cover__background has-background-dim-0 has-background-dim\"><\/span><div class=\"wp-block-cover__inner-container has-global-padding is-layout-constrained wp-container-core-cover-is-layout-8f41cee4 wp-block-cover-is-layout-constrained\">\n<p class=\"has-text-align-center has-base-color has-text-color has-background has-link-color has-x-large-font-size wp-elements-eb1e8f377820fc38a2848808488be861\" style=\"background-color:#000000ba;margin-top:0;margin-bottom:0;padding-top:0;padding-right:0;padding-bottom:0;padding-left:0;font-style:normal;font-weight:200;letter-spacing:4px\">Catholic Theology PhD<\/p>\n\n\n\n<p class=\"has-text-align-center has-base-color has-text-color has-link-color wp-elements-71db6097044baaf6718891659d6621a2\" style=\"padding-top:16px;padding-bottom:16px\">PhD programme<\/p>\n<\/div><\/div>\n\n\n\n<div class=\"wp-block-group is-layout-flow wp-block-group-is-layout-flow\" style=\"margin-top:var(--wp--preset--spacing--40);margin-bottom:var(--wp--preset--spacing--40);padding-right:var(--wp--preset--spacing--30);padding-left:var(--wp--preset--spacing--30)\">\n<p class=\"has-text-align-center has-x-large-font-size\" style=\"font-style:normal;font-weight:300\">Study PhD at Palack\u00fd University Olomouc, Czech Republic<\/p>\n\n\n\n<div class=\"wp-block-group has-global-padding is-layout-constrained wp-block-group-is-layout-constrained\" style=\"margin-top:var(--wp--preset--spacing--30);margin-bottom:var(--wp--preset--spacing--30)\">\n<p class=\"has-text-align-center\" style=\"font-style:normal;font-weight:300\">\u201cWhat fascinates me about theology is that it uses both centuries-old wisdom and cutting-edge research methods to understand contemporary challenges. It addresses pressing issues with firm hope in God.\u201d<\/p>\n\n\n\n<p class=\"has-text-align-center\" style=\"margin-top:8px;margin-bottom:8px;font-style:italic;font-weight:300\">(Assoc. Prof. Dominik Opatrn\u00fd, Guarantor of the Program)<\/p>\n<\/div>\n\n\n\n<div class=\"wp-block-group has-global-padding is-layout-constrained wp-container-core-group-is-layout-4310e6f8 wp-block-group-is-layout-constrained\">\n<div class=\"wp-block-buttons is-vertical is-content-justification-center is-layout-flex wp-container-core-buttons-is-layout-0a6f87f4 wp-block-buttons-is-layout-flex\" style=\"margin-top:0;margin-bottom:0\">\n\n\n<div class=\"wp-block-button has-custom-width wp-block-button__width-100\"><a class=\"wp-block-button__link wp-element-button\" href=\"http:\/\/www.prihlaska.upol.cz\/\" target=\"_blank\" rel=\"noopener\">Admission<\/a><\/div>\n<\/div>\n<\/div>\n\n\n\n<p class=\"has-text-align-center\" style=\"margin-top:8px;margin-bottom:8px;font-style:normal;font-weight:300\">The deadline for submitting proposals is 31 May of each year.<\/p>\n\n\n\n<div class=\"wp-block-group has-global-padding is-layout-constrained wp-block-group-is-layout-constrained\" style=\"margin-top:var(--wp--preset--spacing--30);margin-bottom:var(--wp--preset--spacing--30)\"><\/div>\n<\/div>\n\n\n\n<div class=\"wp-block-cover is-light\" style=\"min-height:300px;aspect-ratio:unset;\"><img loading=\"lazy\" decoding=\"async\" width=\"1976\" height=\"578\" class=\"wp-block-cover__image-background wp-image-78 size-full\" alt=\"\" src=\"https:\/\/krestanskemysleni.cz\/wp-content\/uploads\/2025\/09\/9eccec_e5b5727d25ee46259bb2fc1b3f9504edmv2.avif\" style=\"object-position:50% 0%\" data-object-fit=\"cover\" data-object-position=\"50% 0%\"\/><span aria-hidden=\"true\" class=\"wp-block-cover__background has-background-dim-0 has-background-dim\"><\/span><div class=\"wp-block-cover__inner-container has-global-padding is-layout-constrained wp-block-cover-is-layout-constrained\">\n<p><\/p>\n<\/div><\/div>\n\n\n\n<div class=\"wp-block-group has-global-padding is-layout-constrained wp-container-core-group-is-layout-3ac21852 wp-block-group-is-layout-constrained\" style=\"margin-top:var(--wp--preset--spacing--40);margin-bottom:var(--wp--preset--spacing--40)\">\n<p class=\"has-text-align-center has-x-large-font-size\" style=\"font-style:normal;font-weight:300\">You can look forward to<\/p>\n\n\n\n\n\n<div class=\"wp-block-columns is-layout-flex wp-container-core-columns-is-layout-ca53be5d wp-block-columns-is-layout-flex\" style=\"margin-top:var(--wp--preset--spacing--30);margin-bottom:var(--wp--preset--spacing--30);padding-top:0;padding-right:var(--wp--preset--spacing--30);padding-bottom:0;padding-left:var(--wp--preset--spacing--30)\">\n<div class=\"wp-block-column is-vertically-aligned-stretch is-layout-flow wp-container-core-column-is-layout-d15d5df4 wp-block-column-is-layout-flow\" style=\"padding-right:0;padding-left:0\">\n<hr class=\"wp-block-separator has-alpha-channel-opacity is-style-wide\"\/>\n\n\n\n<p style=\"font-style:normal;font-weight:300\">Exploring divine teaching<\/p>\n<\/div>\n\n\n\n<div class=\"wp-block-column is-vertically-aligned-stretch is-layout-flow wp-container-core-column-is-layout-d15d5df4 wp-block-column-is-layout-flow\" style=\"padding-right:0;padding-left:0\">\n<hr class=\"wp-block-separator has-alpha-channel-opacity is-style-wide\"\/>\n\n\n\n<p style=\"font-style:normal;font-weight:300\">Conducting scholarly research under faculty supervision<\/p>\n<\/div>\n\n\n\n<div class=\"wp-block-column is-vertically-aligned-stretch is-layout-flow wp-container-core-column-is-layout-d15d5df4 wp-block-column-is-layout-flow\" style=\"padding-right:0;padding-left:0\">\n<hr class=\"wp-block-separator has-alpha-channel-opacity is-style-wide\"\/>\n\n\n\n<p style=\"font-style:normal;font-weight:300\">Participating in international conferences<\/p>\n<\/div>\n<\/div>\n\n\n\n<div class=\"wp-block-columns is-layout-flex wp-container-core-columns-is-layout-ca53be5d wp-block-columns-is-layout-flex\" style=\"margin-top:var(--wp--preset--spacing--30);margin-bottom:var(--wp--preset--spacing--30);padding-top:0;padding-right:var(--wp--preset--spacing--30);padding-bottom:0;padding-left:var(--wp--preset--spacing--30)\">\n<div class=\"wp-block-column is-vertically-aligned-stretch is-layout-flow wp-container-core-column-is-layout-d15d5df4 wp-block-column-is-layout-flow\" style=\"padding-right:0;padding-left:0\">\n<hr class=\"wp-block-separator has-alpha-channel-opacity is-style-wide\"\/>\n\n\n\n<p style=\"font-style:normal;font-weight:300\">Learning to communicate the results of your work in English and another world language<\/p>\n<\/div>\n\n\n\n<div class=\"wp-block-column is-vertically-aligned-stretch is-layout-flow wp-container-core-column-is-layout-d15d5df4 wp-block-column-is-layout-flow\" style=\"padding-right:0;padding-left:0\">\n<hr class=\"wp-block-separator has-alpha-channel-opacity is-style-wide\"\/>\n\n\n\n<p style=\"font-style:normal;font-weight:300\">Submitting grant proposals<\/p>\n<\/div>\n\n\n\n<div class=\"wp-block-column is-vertically-aligned-stretch is-layout-flow wp-container-core-column-is-layout-d15d5df4 wp-block-column-is-layout-flow\" style=\"padding-right:0;padding-left:0\">\n<hr class=\"wp-block-separator has-alpha-channel-opacity is-style-wide\"\/>\n\n\n\n<p style=\"font-style:normal;font-weight:300\">Publishing internationally<\/p>\n<\/div>\n<\/div>\n<\/div>\n\n\n\n<div class=\"wp-block-group has-custom-color-2-background-color has-background has-global-padding is-layout-constrained wp-container-core-group-is-layout-73f0d177 wp-block-group-is-layout-constrained\" style=\"margin-top:0;margin-bottom:0;padding-top:var(--wp--preset--spacing--30);padding-right:var(--wp--preset--spacing--30);padding-bottom:var(--wp--preset--spacing--30);padding-left:var(--wp--preset--spacing--30)\">\n<p class=\"has-text-align-center has-large-font-size\" style=\"font-style:normal;font-weight:300\">You can choose one of the following specializations<\/p>\n\n\n\n<div class=\"wp-block-columns is-layout-flex wp-container-core-columns-is-layout-ef350914 wp-block-columns-is-layout-flex\" style=\"padding-top:var(--wp--preset--spacing--30);padding-bottom:var(--wp--preset--spacing--30)\">\n<div class=\"wp-block-column is-layout-flow wp-block-column-is-layout-flow\">\n<p class=\"has-text-align-center\" style=\"font-style:normal;font-weight:300\">Biblical theology<\/p>\n<\/div>\n\n\n\n<div class=\"wp-block-column is-layout-flow wp-block-column-is-layout-flow\">\n<p class=\"has-text-align-center has-contrast-color has-text-color has-link-color wp-elements-80de7b51c442506843388518426989f3\" style=\"font-style:normal;font-weight:300\">Systematic theology and Christian philosophy<\/p>\n<\/div>\n\n\n\n<div class=\"wp-block-column is-layout-flow wp-block-column-is-layout-flow\">\n<p class=\"has-text-align-center\" style=\"font-style:normal;font-weight:300\">Practical theology<\/p>\n<\/div>\n<\/div>\n<\/div>\n\n\n\n<div class=\"wp-block-group has-custom-color-1-background-color has-background has-global-padding is-layout-constrained wp-container-core-group-is-layout-73f0d177 wp-block-group-is-layout-constrained\" style=\"margin-top:0;margin-bottom:0;padding-top:var(--wp--preset--spacing--30);padding-right:var(--wp--preset--spacing--30);padding-bottom:var(--wp--preset--spacing--30);padding-left:var(--wp--preset--spacing--30)\">\n<div class=\"wp-block-columns is-layout-flex wp-container-core-columns-is-layout-eab196fd wp-block-columns-is-layout-flex\" style=\"padding-top:var(--wp--preset--spacing--30);padding-bottom:var(--wp--preset--spacing--30)\">\n<div class=\"wp-block-column is-layout-flow wp-container-core-column-is-layout-1a0eff7f wp-block-column-is-layout-flow\">\n<figure class=\"wp-block-image size-large is-resized\"><img loading=\"lazy\" decoding=\"async\" width=\"200\" height=\"200\" src=\"https:\/\/krestanskemysleni.cz\/wp-content\/uploads\/2025\/09\/icon2-1.svg\" alt=\"\" class=\"wp-image-219\" style=\"width:47px;height:auto\"\/><\/figure>\n\n\n\n<hr class=\"wp-block-separator has-text-color has-base-color has-alpha-channel-opacity has-base-background-color has-background is-style-wide\"\/>\n\n\n\n<p class=\"has-text-align-left has-base-color has-text-color has-link-color wp-elements-78b60378c6d6f5207deeb8313986d13e\" style=\"font-style:normal;font-weight:300\">Study training and research conducted from home<\/p>\n<\/div>\n\n\n\n<div class=\"wp-block-column is-layout-flow wp-container-core-column-is-layout-1a0eff7f wp-block-column-is-layout-flow\">\n<figure class=\"wp-block-image size-large is-resized\"><img loading=\"lazy\" decoding=\"async\" width=\"200\" height=\"201\" src=\"https:\/\/krestanskemysleni.cz\/wp-content\/uploads\/2025\/09\/icon1-1.svg\" alt=\"\" class=\"wp-image-92\" style=\"width:47px;height:auto\"\/><\/figure>\n\n\n\n<hr class=\"wp-block-separator has-text-color has-base-color has-alpha-channel-opacity has-base-background-color has-background is-style-wide\"\/>\n\n\n\n<p class=\"has-text-align-left has-base-color has-text-color has-link-color wp-elements-145c52c03f0dd1893ca016047e782206\" style=\"font-style:normal;font-weight:300\">Flexible and individual approach<\/p>\n<\/div>\n<\/div>\n<\/div>\n\n\n\n<div class=\"wp-block-cover is-light\" style=\"min-height:300px;aspect-ratio:unset;\"><img loading=\"lazy\" decoding=\"async\" width=\"1920\" height=\"477\" class=\"wp-block-cover__image-background wp-image-95 size-full\" alt=\"\" src=\"https:\/\/krestanskemysleni.cz\/wp-content\/uploads\/2025\/09\/9eccec_e2674f48b0894ff69c9f57919e9a67b9mv2.avif\" data-object-fit=\"cover\"\/><span aria-hidden=\"true\" class=\"wp-block-cover__background has-background-dim-0 has-background-dim\"><\/span><div class=\"wp-block-cover__inner-container has-global-padding is-layout-constrained wp-block-cover-is-layout-constrained\">\n<p><\/p>\n<\/div><\/div>\n\n\n\n\n\n<div class=\"wp-block-group has-global-padding is-layout-constrained wp-container-core-group-is-layout-8132ba40 wp-block-group-is-layout-constrained\" style=\"margin-top:var(--wp--preset--spacing--40);margin-bottom:var(--wp--preset--spacing--40);padding-right:var(--wp--preset--spacing--30);padding-left:var(--wp--preset--spacing--30)\">\n<p class=\"has-text-align-center has-x-large-font-size\" style=\"font-style:normal;font-weight:300\">Competencies &amp; Employment<\/p>\n\n\n\n<div class=\"wp-block-columns is-layout-flex wp-container-core-columns-is-layout-63b9e163 wp-block-columns-is-layout-flex\" style=\"margin-top:var(--wp--preset--spacing--30);margin-bottom:var(--wp--preset--spacing--30);padding-top:0;padding-right:0;padding-bottom:0;padding-left:0\">\n<div class=\"wp-block-column is-vertically-aligned-stretch is-layout-flow wp-container-core-column-is-layout-d15d5df4 wp-block-column-is-layout-flow\" style=\"padding-right:0;padding-left:0\">\n<hr class=\"wp-block-separator has-alpha-channel-opacity is-style-wide\"\/>\n\n\n\n<p style=\"font-style:normal;font-weight:300\">After graduating from the study program, you will understand the research problems at the crossroads of several branches of Catholic theology.<\/p>\n<\/div>\n\n\n\n<div class=\"wp-block-column is-vertically-aligned-stretch is-layout-flow wp-container-core-column-is-layout-d15d5df4 wp-block-column-is-layout-flow\" style=\"padding-right:0;padding-left:0\">\n<hr class=\"wp-block-separator has-alpha-channel-opacity is-style-wide\"\/>\n\n\n\n<p style=\"font-style:normal;font-weight:300\">You will be able to develop and evaluate the concepts, theories and methods of your selected specialization.<\/p>\n<\/div>\n\n\n\n<div class=\"wp-block-column is-vertically-aligned-stretch is-layout-flow wp-container-core-column-is-layout-d15d5df4 wp-block-column-is-layout-flow\" style=\"padding-right:0;padding-left:0\">\n<hr class=\"wp-block-separator has-alpha-channel-opacity is-style-wide\"\/>\n\n\n\n<p style=\"font-style:normal;font-weight:300\">You will acquire new professional knowledge for your own creative activities in the selected specialization and for teaching in at least one foreign language.<\/p>\n<\/div>\n<\/div>\n<\/div>\n\n\n\n<div class=\"wp-block-group has-custom-color-1-background-color has-background has-global-padding is-layout-constrained wp-container-core-group-is-layout-7860c6dd wp-block-group-is-layout-constrained\" style=\"margin-top:0;margin-bottom:0;padding-top:var(--wp--preset--spacing--50);padding-right:var(--wp--preset--spacing--30);padding-bottom:var(--wp--preset--spacing--50);padding-left:var(--wp--preset--spacing--30)\">\n<p class=\"has-base-color has-text-color has-link-color wp-elements-3751d533642a84020fa422244e4152c6\" style=\"font-style:normal;font-weight:300\">Thanks to the canonical character of the study program (qualification framework according to Veritatis gaudium and evaluation AVEPRO), you will find employment in academic, research, administrative or pastoral positions within the entire Catholic Church (usually without the need for nostrification). You will also have the ability to participate in basic and applied research at all types of academic institutions and universities in theology and related fields, teach at secondary schools, work in charitable organizations, liturgical commissions, in catechetical formation, in state administration bodies and in non-profit organizations. Finally, you will be able to work in the academic sphere and teach at universities worldwide.<\/p>\n<\/div>\n\n\n\n<div class=\"wp-block-cover is-light\" style=\"min-height:300px;aspect-ratio:unset;\"><img loading=\"lazy\" decoding=\"async\" width=\"1920\" height=\"657\" class=\"wp-block-cover__image-background wp-image-104 size-full\" alt=\"\" src=\"https:\/\/krestanskemysleni.cz\/wp-content\/uploads\/2025\/09\/9eccec_5d6f035cc3684540be3784aa90a80d2amv2.avif\" data-object-fit=\"cover\"\/><span aria-hidden=\"true\" class=\"wp-block-cover__background has-background-dim-0 has-background-dim\"><\/span><div class=\"wp-block-cover__inner-container has-global-padding is-layout-constrained wp-block-cover-is-layout-constrained\">\n<p><\/p>\n<\/div><\/div>\n\n\n\n<div class=\"wp-block-group has-custom-color-1-background-color has-background is-layout-flow wp-block-group-is-layout-flow\" style=\"padding-top:var(--wp--preset--spacing--30);padding-bottom:var(--wp--preset--spacing--30)\">\n<div class=\"wp-block-group has-global-padding is-layout-constrained wp-container-core-group-is-layout-4310e6f8 wp-block-group-is-layout-constrained\">\n<div class=\"wp-block-buttons is-vertical is-content-justification-center is-layout-flex wp-container-core-buttons-is-layout-0a6f87f4 wp-block-buttons-is-layout-flex\" style=\"margin-top:0;margin-bottom:0\">\n<div class=\"wp-block-button has-custom-width wp-block-button__width-100\"><a class=\"wp-block-button__link has-background wp-element-button\" href=\"https:\/\/prihlaska.upol.cz\/prihlaska\/info.xhtml\" style=\"background-color:#000000b0\" target=\"_blank\" rel=\"noopener\">Admission<\/a><\/div>\n<\/div>\n<\/div>\n\n\n\n<p class=\"has-text-align-center has-base-color has-text-color has-link-color wp-elements-07146f5402f65f0a08d8badd2c9bafa5\" style=\"margin-top:8px;margin-bottom:8px;font-style:normal;font-weight:300\">The deadline for submitting proposals is 31 May of each year.<\/p>\n\n\n\n<div class=\"wp-block-group has-global-padding is-layout-constrained wp-container-core-group-is-layout-4310e6f8 wp-block-group-is-layout-constrained\">\n<div class=\"wp-block-buttons is-vertical is-content-justification-center is-layout-flex wp-container-core-buttons-is-layout-0a6f87f4 wp-block-buttons-is-layout-flex\" style=\"margin-top:0;margin-bottom:0\">\n<div class=\"wp-block-button has-custom-width wp-block-button__width-100\"><a class=\"wp-block-button__link has-background wp-element-button\" href=\"\/en\/prijimaci-zkouska\/\" style=\"background-color:#000000b0\">Admission procedure<\/a><\/div>\n<\/div>\n<\/div>\n\n\n\n<p class=\"has-text-align-center has-base-color has-text-color has-link-color wp-elements-c3243a99e4a51948552e9f2efeaf3e71\" style=\"margin-top:8px;margin-bottom:8px;font-style:normal;font-weight:300\">Annual fee is 1700 EUR<\/p>\n<\/div>\n\n\n\n<div class=\"wp-block-group has-base-background-color has-background has-global-padding is-layout-constrained wp-container-core-group-is-layout-73f0d177 wp-block-group-is-layout-constrained\" style=\"margin-top:0;margin-bottom:0;padding-top:var(--wp--preset--spacing--30);padding-right:var(--wp--preset--spacing--30);padding-bottom:var(--wp--preset--spacing--30);padding-left:var(--wp--preset--spacing--30)\">\n<div class=\"wp-block-columns is-layout-flex wp-container-core-columns-is-layout-aafd6b77 wp-block-columns-is-layout-flex\" style=\"padding-top:0;padding-bottom:0\">\n<div class=\"wp-block-column is-layout-flow wp-block-column-is-layout-flow\">\n<p class=\"has-text-align-left\" style=\"padding-top:16px;padding-bottom:16px;font-size:clamp(0.984rem, 0.984rem + ((1vw - 0.2rem) * 0.938), 1.5rem);\">Program Structure<\/p>\n\n\n\n<p style=\"font-style:normal;font-weight:300\">Your studies will follow an individual study plan that will be drawn up in collaboration with your supervisor. The curriculum consists of a combination of compulsory and elective courses.<\/p>\n<\/div>\n\n\n\n<div class=\"wp-block-column is-layout-flow wp-block-column-is-layout-flow\">\n<p class=\"has-text-align-left\" style=\"padding-top:16px;padding-bottom:16px;font-size:clamp(0.984rem, 0.984rem + ((1vw - 0.2rem) * 0.938), 1.5rem);\">Four Pillars of Study<\/p>\n\n\n\n<ul class=\"wp-block-list\">\n<li style=\"font-style:normal;font-weight:300\">Advanced study under the guidance of the supervisor<\/li>\n\n\n\n<li style=\"font-style:normal;font-weight:300\">Preparation of the dissertation under the guidance of the supervisor<\/li>\n\n\n\n<li style=\"font-style:normal;font-weight:300\">Meetings of doctoral students 3 times per semester<\/li>\n\n\n\n<li style=\"font-style:normal;font-weight:300\">Other courses<\/li>\n<\/ul>\n\n\n\n<p class=\"has-contrast-color has-text-color has-link-color wp-elements-c66dc4a45006cb8a855e0fb85191001e\" style=\"padding-top:16px;padding-bottom:16px;text-decoration:underline\"><a href=\"https:\/\/www.cmtf.upol.cz\/fileadmin\/userdata\/CMTF\/veda\/doktorske_studium\/2020_2021_Catholic_Theology_Study_Plans.pdf\" target=\"_blank\" rel=\"noopener\">STUDY PLAN<\/a><\/p>\n<\/div>\n\n\n\n<div class=\"wp-block-column is-layout-flow wp-block-column-is-layout-flow\">\n<p class=\"has-text-align-left\" style=\"padding-top:16px;padding-bottom:16px;font-size:clamp(0.984rem, 0.984rem + ((1vw - 0.2rem) * 0.938), 1.5rem);\">Requirements<\/p>\n\n\n\n<ul class=\"wp-block-list\">\n<li style=\"font-style:normal;font-weight:300\">Passing a foreign language exam<\/li>\n\n\n\n<li style=\"font-style:normal;font-weight:300\">Completing part of your studies abroad \/ participating in an international project<\/li>\n\n\n\n<li style=\"font-style:normal;font-weight:300\">Writing a review for a peer-reviewed journal<\/li>\n\n\n\n<li style=\"font-style:normal;font-weight:300\">Preparing eight topics for the state doctoral exam (they must not overlap with the content of the dissertation)<\/li>\n\n\n\n<li style=\"font-style:normal;font-weight:300\">Preparing and defending a licentiate thesis (it may consist of part of the dissertation)<\/li>\n\n\n\n<li style=\"font-style:normal;font-weight:300\">Writing a dissertation of at least 120 pages &#8211; it must contain original and published results or results accepted for publication<\/li>\n<\/ul>\n<\/div>\n<\/div>\n<\/div>","protected":false},"excerpt":{"rendered":"<p>Ph.D. studium na Univerzit\u011b Palack\u00e9ho v Olomouci \u201eNa teologii m\u011b fascinuje, \u017ee k pochopen\u00ed sou\u010dasn\u00fdch probl\u00e9m\u016f vyu\u017e\u00edv\u00e1 jak staletou moudrost, tak nejmodern\u011bj\u0161\u00ed v\u00fdzkumn\u00e9 metody. \u0158e\u0161\u00ed nal\u00e9hav\u00e9 probl\u00e9my s pevnou nad\u011bj\u00ed v Boha.\u201c garant programu doc. Dominik Opatrn\u00fd P\u0159ihl\u00e1\u0161ku m\u016f\u017eete podat do konce kv\u011btna. Co Ph.D. program nab\u00edz\u00ed? Budete zkoumat bo\u017esk\u00e9 nauky. Nau\u010d\u00edte se samostatn\u011b v\u011bdecky [&hellip;]<\/p>","protected":false},"author":2,"featured_media":0,"parent":0,"menu_order":0,"comment_status":"closed","ping_status":"closed","template":"blank","meta":{"inline_featured_image":false,"footnotes":""},"class_list":["post-133","page","type-page","status-publish","hentry"],"_links":{"self":[{"href":"https:\/\/krestanskemysleni.cz\/en\/wp-json\/wp\/v2\/pages\/133","targetHints":{"allow":["GET"]}}],"collection":[{"href":"https:\/\/krestanskemysleni.cz\/en\/wp-json\/wp\/v2\/pages"}],"about":[{"href":"https:\/\/krestanskemysleni.cz\/en\/wp-json\/wp\/v2\/types\/page"}],"author":[{"embeddable":true,"href":"https:\/\/krestanskemysleni.cz\/en\/wp-json\/wp\/v2\/users\/2"}],"replies":[{"embeddable":true,"href":"https:\/\/krestanskemysleni.cz\/en\/wp-json\/wp\/v2\/comments?post=133"}],"version-history":[{"count":22,"href":"https:\/\/krestanskemysleni.cz\/en\/wp-json\/wp\/v2\/pages\/133\/revisions"}],"predecessor-version":[{"id":248,"href":"https:\/\/krestanskemysleni.cz\/en\/wp-json\/wp\/v2\/pages\/133\/revisions\/248"}],"wp:attachment":[{"href":"https:\/\/krestanskemysleni.cz\/en\/wp-json\/wp\/v2\/media?parent=133"}],"curies":[{"name":"wp","href":"https:\/\/api.w.org\/{rel}","templated":true}]}}