{"id":140,"date":"2025-09-25T11:56:02","date_gmt":"2025-09-25T09:56:02","guid":{"rendered":"https:\/\/krestanskemysleni.cz\/?page_id=140"},"modified":"2025-09-25T17:02:06","modified_gmt":"2025-09-25T15:02:06","slug":"prijimaci-zkouska","status":"publish","type":"page","link":"https:\/\/krestanskemysleni.cz\/en\/prijimaci-zkouska\/","title":{"rendered":"Admission"},"content":{"rendered":"<div class=\"wp-block-cover is-light\" style=\"min-height:700px;aspect-ratio:unset;\"><img loading=\"lazy\" decoding=\"async\" width=\"2560\" height=\"808\" class=\"wp-block-cover__image-background wp-image-143 size-full\" alt=\"\" src=\"https:\/\/krestanskemysleni.cz\/wp-content\/uploads\/2025\/09\/Great_Isaiah_Scroll-scaled.jpg\" data-object-fit=\"cover\" srcset=\"https:\/\/krestanskemysleni.cz\/wp-content\/uploads\/2025\/09\/Great_Isaiah_Scroll-scaled.jpg 2560w, https:\/\/krestanskemysleni.cz\/wp-content\/uploads\/2025\/09\/Great_Isaiah_Scroll-300x95.jpg 300w, https:\/\/krestanskemysleni.cz\/wp-content\/uploads\/2025\/09\/Great_Isaiah_Scroll-1024x323.jpg 1024w, https:\/\/krestanskemysleni.cz\/wp-content\/uploads\/2025\/09\/Great_Isaiah_Scroll-768x242.jpg 768w, https:\/\/krestanskemysleni.cz\/wp-content\/uploads\/2025\/09\/Great_Isaiah_Scroll-1536x485.jpg 1536w, https:\/\/krestanskemysleni.cz\/wp-content\/uploads\/2025\/09\/Great_Isaiah_Scroll-2048x646.jpg 2048w, https:\/\/krestanskemysleni.cz\/wp-content\/uploads\/2025\/09\/Great_Isaiah_Scroll-18x6.jpg 18w\" sizes=\"auto, (max-width: 2560px) 100vw, 2560px\" \/><span aria-hidden=\"true\" class=\"wp-block-cover__background has-background-dim-0 has-background-dim\"><\/span><div class=\"wp-block-cover__inner-container has-global-padding is-layout-constrained wp-container-core-cover-is-layout-8f41cee4 wp-block-cover-is-layout-constrained\">\n<p class=\"has-text-align-center has-large-font-size\"><\/p>\n<\/div><\/div>\n\n\n\n\n\n<div class=\"wp-block-group has-custom-color-1-background-color has-background has-global-padding is-layout-constrained wp-container-core-group-is-layout-fd488c84 wp-block-group-is-layout-constrained\" style=\"margin-top:0;margin-bottom:0;padding-top:var(--wp--preset--spacing--30);padding-right:var(--wp--preset--spacing--30);padding-bottom:var(--wp--preset--spacing--30);padding-left:var(--wp--preset--spacing--30)\">\n<div class=\"wp-block-columns is-layout-flex wp-container-core-columns-is-layout-30cd009e wp-block-columns-is-layout-flex\">\n<div class=\"wp-block-column is-layout-flow wp-container-core-column-is-layout-1a0eff7f wp-block-column-is-layout-flow\" style=\"flex-basis:100%\">\n<p class=\"has-base-color has-text-color has-link-color wp-elements-eb723e4450ef4c27e3a8a62fbf416907\" style=\"font-size:clamp(0.984rem, 0.984rem + ((1vw - 0.2rem) * 0.938), 1.5rem);\">Catholic Theology &#8211; PhD programm<\/p>\n\n\n\n<hr class=\"wp-block-separator has-text-color has-base-color has-alpha-channel-opacity has-base-background-color has-background is-style-wide\"\/>\n\n\n\n<p class=\"has-base-color has-text-color has-link-color wp-elements-00e0c0420c572492153fc0ae78b871f0\">Admission Procedure<\/p>\n\n\n\n<p class=\"has-base-color has-text-color has-link-color has-medium-font-size wp-elements-21b68fabea399a364e2dc566b99680af\" style=\"font-style:normal;font-weight:300\">Do you have a Master&#8217;s degree (or Licentiate) in Theology and know one more language (German, French, Italian, Spanish)? Excellent! Then you qualify for applying for our PhD program.<\/p>\n\n\n\n<p class=\"has-base-color has-text-color has-link-color wp-elements-c1902357fe9100ec97a9946b137e9498\">Admission interview<\/p>\n\n\n\n<p class=\"has-base-color has-text-color has-link-color has-medium-font-size wp-elements-1bb6d468903c58e272f14a9a105a863b\" style=\"font-style:normal;font-weight:300\">During a short presentation, you will introduce your project and we will talk about your dissertation topic, including a brief presentation in German, Italian, French or Spanish. You can consult your dissertation topic in advance with the program supervisor.<\/p>\n\n\n\n<p class=\"has-base-color has-text-color has-link-color has-medium-font-size wp-elements-ce99b09cbdcc526aa5ce4cbdb0490689\" style=\"font-style:normal;font-weight:300\">Take with you: dissertation project (max. 5 pages), ppt presentation of your dissertation.<\/p>\n\n\n\n<p class=\"has-base-color has-text-color has-link-color has-medium-font-size wp-elements-94e9ec41a4f2e7b5ffd7f9a70d51f607\" style=\"font-style:normal;font-weight:300\">Written test.<\/p>\n\n\n\n<p class=\"has-base-color has-text-color has-link-color has-medium-font-size wp-elements-38af717e8da98be59d0f4fcb82e29a48\" style=\"font-style:normal;font-weight:300\">It will map out your knowledge in the field of Theology.<\/p>\n\n\n\n<p class=\"has-base-color has-text-color has-link-color has-medium-font-size wp-elements-59c827b05442cf4bc821170f19ac62e1\" style=\"font-style:normal;font-weight:300\">The on-line entrance examination will take place in June each year.<\/p>\n<\/div>\n\n\n\n<div class=\"wp-block-column is-layout-flow wp-container-core-column-is-layout-1a0eff7f wp-block-column-is-layout-flow\" style=\"flex-basis:100%\">\n<p class=\"has-base-color has-text-color has-link-color wp-elements-da590c94c5f32eb01fcc437a4c534a75\" style=\"font-size:clamp(0.984rem, 0.984rem + ((1vw - 0.2rem) * 0.938), 1.5rem);\">Christian Thought &#8211; PhD programm<\/p>\n\n\n\n<hr class=\"wp-block-separator has-text-color has-base-color has-alpha-channel-opacity has-base-background-color has-background is-style-wide\"\/>\n\n\n\n<p class=\"has-base-color has-text-color has-link-color wp-elements-00e0c0420c572492153fc0ae78b871f0\">Admission Procedure<\/p>\n\n\n\n<p class=\"has-base-color has-text-color has-link-color has-medium-font-size wp-elements-26a1ef26c12ac5009d4191b28a31ff77\" style=\"font-style:normal;font-weight:300\">Do you have a Master&#8217;s degree in Theology, Philosophy, History, Philology or related fields of study, and know one more language (German, French, Italian, Spanish)? Excellent! Then you qualify for applying for our PhD program.<\/p>\n\n\n\n<p class=\"has-base-color has-text-color has-link-color wp-elements-c1902357fe9100ec97a9946b137e9498\">Admission interview<\/p>\n\n\n\n<p class=\"has-base-color has-text-color has-link-color has-medium-font-size wp-elements-1bb6d468903c58e272f14a9a105a863b\" style=\"font-style:normal;font-weight:300\">During a short presentation, you will introduce your project and we will talk about your dissertation topic, including a brief presentation in German, Italian, French or Spanish. You can consult your dissertation topic in advance with the program supervisor.<\/p>\n\n\n\n<p class=\"has-base-color has-text-color has-link-color has-medium-font-size wp-elements-ce99b09cbdcc526aa5ce4cbdb0490689\" style=\"font-style:normal;font-weight:300\">Take with you: dissertation project (max. 5 pages), ppt presentation of your dissertation.<\/p>\n\n\n\n<p class=\"has-base-color has-text-color has-link-color has-medium-font-size wp-elements-94e9ec41a4f2e7b5ffd7f9a70d51f607\" style=\"font-style:normal;font-weight:300\">Written test.<\/p>\n\n\n\n<p class=\"has-base-color has-text-color has-link-color has-medium-font-size wp-elements-38af717e8da98be59d0f4fcb82e29a48\" style=\"font-style:normal;font-weight:300\">It will map out your knowledge in the field of Theology.<\/p>\n\n\n\n<p class=\"has-base-color has-text-color has-link-color has-medium-font-size wp-elements-59c827b05442cf4bc821170f19ac62e1\" style=\"font-style:normal;font-weight:300\">The on-line entrance examination will take place in June each year.<\/p>\n<\/div>\n<\/div>\n<\/div>\n\n\n\n<div class=\"wp-block-group is-layout-flow wp-block-group-is-layout-flow\" style=\"margin-top:var(--wp--preset--spacing--40);margin-bottom:var(--wp--preset--spacing--40)\">\n<div class=\"wp-block-group has-global-padding is-layout-constrained wp-container-core-group-is-layout-4310e6f8 wp-block-group-is-layout-constrained\">\n<div class=\"wp-block-buttons is-vertical is-content-justification-center is-layout-flex wp-container-core-buttons-is-layout-0a6f87f4 wp-block-buttons-is-layout-flex\" style=\"margin-top:0;margin-bottom:0\">\n<div class=\"wp-block-button has-custom-width wp-block-button__width-100\"><a class=\"wp-block-button__link wp-element-button\" href=\"http:\/\/www.prihlaska.upol.cz\/\" target=\"_blank\" rel=\"noopener\">Admission<\/a><\/div>\n<\/div>\n<\/div>\n\n\n\n<p class=\"has-text-align-center\" style=\"margin-top:8px;margin-bottom:8px;font-style:normal;font-weight:300\">The deadline for submitting proposals is 31 May of each year.<\/p>\n\n\n\n<div class=\"wp-block-group has-global-padding is-layout-constrained wp-container-core-group-is-layout-c971959f wp-block-group-is-layout-constrained\" style=\"margin-top:var(--wp--preset--spacing--30);margin-bottom:var(--wp--preset--spacing--30)\">\n<div class=\"wp-block-group has-global-padding is-layout-constrained wp-container-core-group-is-layout-1e17d720 wp-block-group-is-layout-constrained\">\n<p class=\"has-text-align-left\" style=\"padding-top:0px;padding-bottom:0px;font-style:normal;font-weight:500\">How to apply?<\/p>\n\n\n\n<p class=\"has-contrast-color has-text-color has-link-color wp-elements-d18a14ef43cdee42ac21949a0405ef00\" style=\"font-style:normal;font-weight:300;text-decoration:underline\"><a href=\"https:\/\/prihlaska.upol.cz\/prihlaska\/info.xhtml;jsessionid=tHdxxTxsGc9iz6pOk16Q1DbSuBdt-Qd5md7YOeDV.epr\" target=\"_blank\" rel=\"noopener\">Fill in the Online Application Form UPOL<\/a><\/p>\n\n\n\n<p style=\"font-style:normal;font-weight:300\">After filling in the online application form, upload and submit the required documents.<\/p>\n\n\n\n<p style=\"font-style:normal;font-weight:300\">The deadline for submitting your application, along with paying the administration fee of 50 EUR, is 31 May.<\/p>\n\n\n\n<p style=\"font-style:normal;font-weight:300\">Make sure that you have all the <strong>required documents<\/strong> prepared in time.<\/p>\n<\/div>\n\n\n\n<div class=\"wp-block-group has-global-padding is-layout-constrained wp-block-group-is-layout-constrained\">\n<p class=\"has-text-align-left\" style=\"padding-top:16px;padding-bottom:16px;font-style:normal;font-weight:500\">Required documents<\/p>\n\n\n\n<ul class=\"wp-block-list\">\n<li>Structured Curriculum Vitae (signed)<\/li>\n\n\n\n<li>Motivation letter<\/li>\n\n\n\n<li>Certified copy of Master\u00b4s degree diploma \u2013 you are also eligible to apply during the last year of your current study programme, provided you obtain your final degree and submit a certified copy before 30 September of the respective year.<\/li>\n\n\n\n<li>Official academic transcripts and certificates from the university (or a certified copy)<\/li>\n\n\n\n<li>Letter of Recommendation \u2013 from a professor or an academic who can assess the applicant\u2019s ability and motivation to enroll in the program<\/li>\n\n\n\n<li>Dissertation project proposal \u2013 the proposal of max. 5 pages must define the theoretical or empirical research field of the dissertation project, overall aim of the research, state-of-the-art discussion of theory and research in the area, suggested methodological approach, and bibliography<\/li>\n\n\n\n<li>Dissertation Project Presentation (in PPT etc.)<\/li>\n\n\n\n<li>Proofs of professional activity in the chosen field of study (such as conference participation, non-degree study, publications, etc.<\/li>\n\n\n\n<li>Additional documentation \u2013 Proof of English language competence (CEFR level B2) \u2013 to be proven by English language certificates (TOEFL, IELTS, CAE, CPE) or documents about previous university studies in English language) and Passport Copy of valid passport or European ID card \u2013 a photocopy of the page with a photograph and personal data<\/li>\n<\/ul>\n<\/div>\n\n\n\n<div class=\"wp-block-group has-global-padding is-layout-constrained wp-block-group-is-layout-constrained\">\n<p class=\"has-contrast-color has-text-color has-link-color wp-elements-1c46e87b85d717c3f58299449066cb28\" style=\"font-style:normal;font-weight:300\">Requirements on document certification are different depending on the country where the document was issued information available here. Please study thoroughly: <strong style=\"text-decoration:underline\"><a href=\"https:\/\/www.upol.cz\/en\/students\/degree-students\/diploma-recognition\/#c10268\" target=\"_blank\" rel=\"noopener\">here<\/a><\/strong><\/p>\n\n\n\n<p style=\"font-style:normal;font-weight:300\">All the documents stated above (accompanied by a certified translation into Czech or English, if not originally in one of these languages) must also be submitted (by mail) by the deadline as officially authenticated hard copies to the following address:<\/p>\n<\/div>\n\n\n\n<p class=\"has-text-align-left\" style=\"padding-top:16px;padding-bottom:16px;font-style:normal;font-weight:500\">Sts Cyril and Methodius Faculty of Theology<br>Ms Jitka Ambrozov\u00e1<br>Palack\u00fd University Olomouc<br>Univerzitn\u00ed 244\/22<br>771 11 Olomouc<br>I\u010c: 61989592<\/p>\n\n\n\n<p class=\"has-text-align-left\" style=\"padding-top:16px;padding-bottom:16px;font-style:normal;font-weight:500\"><strong>Annual fee is 1700 EUR<\/strong><\/p>\n<\/div>\n<\/div>","protected":false},"excerpt":{"rendered":"<p>P\u0159ij\u00edmac\u00ed zkou\u0161ka Term\u00edn pod\u00e1n\u00ed e-p\u0159ihl\u00e1\u0161ky pro doktorsk\u00e9 studium je do konce kv\u011btna. P\u0159ij\u00edmac\u00ed zkou\u0161ky se uskute\u010dn\u00ed v \u010dervnu. Jak\u00e9 budou p\u0159ij\u00edmac\u00ed zkou\u0161ky? B\u011bhem kr\u00e1tk\u00e9 prezentace n\u00e1m p\u0159edstav\u00edte sv\u016fj projekt, popov\u00edd\u00e1me si o t\u00e9matu va\u0161\u00ed diserta\u010dn\u00ed pr\u00e1ce, v\u010detn\u011b stru\u010dn\u00e9 prezentace ve sv\u011btov\u00e9m jazyce. Z\u00e1m\u011br diserta\u010dn\u00ed pr\u00e1ce je mo\u017en\u00e9 dop\u0159edu konzultovat s garantem programu. S sebou: projekt [&hellip;]<\/p>","protected":false},"author":2,"featured_media":0,"parent":0,"menu_order":0,"comment_status":"closed","ping_status":"closed","template":"blank","meta":{"inline_featured_image":false,"footnotes":""},"class_list":["post-140","page","type-page","status-publish","hentry"],"_links":{"self":[{"href":"https:\/\/krestanskemysleni.cz\/en\/wp-json\/wp\/v2\/pages\/140","targetHints":{"allow":["GET"]}}],"collection":[{"href":"https:\/\/krestanskemysleni.cz\/en\/wp-json\/wp\/v2\/pages"}],"about":[{"href":"https:\/\/krestanskemysleni.cz\/en\/wp-json\/wp\/v2\/types\/page"}],"author":[{"embeddable":true,"href":"https:\/\/krestanskemysleni.cz\/en\/wp-json\/wp\/v2\/users\/2"}],"replies":[{"embeddable":true,"href":"https:\/\/krestanskemysleni.cz\/en\/wp-json\/wp\/v2\/comments?post=140"}],"version-history":[{"count":19,"href":"https:\/\/krestanskemysleni.cz\/en\/wp-json\/wp\/v2\/pages\/140\/revisions"}],"predecessor-version":[{"id":249,"href":"https:\/\/krestanskemysleni.cz\/en\/wp-json\/wp\/v2\/pages\/140\/revisions\/249"}],"wp:attachment":[{"href":"https:\/\/krestanskemysleni.cz\/en\/wp-json\/wp\/v2\/media?parent=140"}],"curies":[{"name":"wp","href":"https:\/\/api.w.org\/{rel}","templated":true}]}}