{"id":150,"date":"2025-09-25T12:04:30","date_gmt":"2025-09-25T10:04:30","guid":{"rendered":"https:\/\/krestanskemysleni.cz\/?page_id=150"},"modified":"2025-09-25T15:14:56","modified_gmt":"2025-09-25T13:14:56","slug":"studujphd","status":"publish","type":"page","link":"https:\/\/krestanskemysleni.cz\/en\/studujphd\/","title":{"rendered":"Olomouc - University"},"content":{"rendered":"<div class=\"wp-block-cover is-light\" style=\"min-height:700px;aspect-ratio:unset;\"><img loading=\"lazy\" decoding=\"async\" width=\"1108\" height=\"690\" class=\"wp-block-cover__image-background wp-image-153 size-full\" alt=\"\" src=\"https:\/\/krestanskemysleni.cz\/wp-content\/uploads\/2025\/09\/9eccec_09e543a175d64b1daac1d87994668af0mv2-1.avif\" data-object-fit=\"cover\"\/><span aria-hidden=\"true\" class=\"wp-block-cover__background has-background-dim-0 has-background-dim\"><\/span><div class=\"wp-block-cover__inner-container has-global-padding is-layout-constrained wp-container-core-cover-is-layout-e3c5770f wp-block-cover-is-layout-constrained\">\n<p class=\"has-text-align-center has-base-color has-text-color has-background has-link-color has-x-large-font-size wp-elements-0f933b6f5bc875f68cc622b9b33a10c0\" style=\"background-color:#000000b0;padding-top:0;padding-right:0;padding-bottom:0;padding-left:0;font-style:normal;font-weight:200;letter-spacing:4px\">It is love at first sight!<\/p>\n<\/div><\/div>\n\n\n\n<div class=\"wp-block-group has-global-padding is-layout-constrained wp-container-core-group-is-layout-8170648e wp-block-group-is-layout-constrained\" style=\"margin-top:var(--wp--preset--spacing--30);margin-bottom:var(--wp--preset--spacing--30);padding-right:var(--wp--preset--spacing--30);padding-left:var(--wp--preset--spacing--30)\">\n<p class=\"has-text-align-left wp-embed-aspect-16-9 wp-has-aspect-ratio\" style=\"margin-top:var(--wp--preset--spacing--30);margin-bottom:var(--wp--preset--spacing--30)\">It is love at first sight!<\/p>\n\n\n\n<p class=\"wp-embed-aspect-16-9 wp-has-aspect-ratio\" style=\"margin-top:var(--wp--preset--spacing--30);margin-bottom:var(--wp--preset--spacing--30)\">Olomouc is a friendly town, safe, affordable, and with an international student community. Olomouc is large enough to accommodate all the modern facilities and services you need (university, medical centre and hospital, tourism office, public transportation, shopping opportunities, etc.), yet small enough to keep the cosy atmosphere, allowing you to literally just walk wherever you need to go.<\/p>\n\n\n\n<p class=\"wp-embed-aspect-16-9 wp-has-aspect-ratio has-contrast-color has-text-color has-link-color wp-elements-93b2c6d1be499d685aeef1b8278b5547\" style=\"margin-top:var(--wp--preset--spacing--30);margin-bottom:var(--wp--preset--spacing--30);text-decoration:underline\"><a href=\"https:\/\/www.lonelyplanet.com\/articles\/olomouc-the-czech-republics-best-kept-secret\" target=\"_blank\" rel=\"noopener\">Read what Lonely Planet has to say about Olomouc.<\/a><\/p>\n<\/div>\n\n\n\n<div class=\"wp-block-group is-layout-flow wp-block-group-is-layout-flow\" style=\"margin-top:var(--wp--preset--spacing--30);margin-bottom:var(--wp--preset--spacing--30)\">\n<div class=\"wp-block-columns has-custom-color-1-background-color has-background is-layout-flex wp-container-core-columns-is-layout-658170e2 wp-block-columns-is-layout-flex\">\n<div class=\"wp-block-column is-layout-flow wp-block-column-is-layout-flow\" style=\"flex-basis:33.33%\">\n<div class=\"wp-block-group has-global-padding is-layout-constrained wp-block-group-is-layout-constrained has-background\" style=\"min-height:256px;background-image:url(&apos;https:\/\/krestanskemysleni.cz\/wp-content\/uploads\/2025\/09\/9eccec_6e9e6b2b51e64637b2e94171dccd7e21mv2-1.avif&apos;);background-position:50% 50%;background-size:cover;background-attachment:scroll;\"><\/div>\n<\/div>\n\n\n\n<div class=\"wp-block-column is-layout-flow wp-block-column-is-layout-flow\" style=\"flex-basis:33.33%\">\n<div class=\"wp-block-group has-global-padding is-layout-constrained wp-block-group-is-layout-constrained has-background\" style=\"min-height:256px;background-image:url(&apos;https:\/\/krestanskemysleni.cz\/wp-content\/uploads\/2025\/09\/9eccec_d37f3d6b25c7454393c7619b69474025mv2-1.avif&apos;);background-position:50% 50%;background-size:cover;background-attachment:scroll;\"><\/div>\n<\/div>\n\n\n\n<div class=\"wp-block-column is-layout-flow wp-block-column-is-layout-flow\" style=\"flex-basis:33.33%\">\n<div class=\"wp-block-group has-global-padding is-layout-constrained wp-block-group-is-layout-constrained has-background\" style=\"min-height:256px;background-image:url(&apos;https:\/\/krestanskemysleni.cz\/wp-content\/uploads\/2025\/09\/9eccec_2792ddace7ff42928503807d68c1d143mv2-1.avif&apos;);background-position:50% 50%;background-size:cover;background-attachment:scroll;\"><\/div>\n<\/div>\n<\/div>\n<\/div>\n\n\n\n<div class=\"wp-block-group has-global-padding is-layout-constrained wp-block-group-is-layout-constrained\" style=\"margin-top:var(--wp--preset--spacing--30);margin-bottom:var(--wp--preset--spacing--30)\">\n\n\n<figure class=\"wp-block-embed is-type-video is-provider-youtube wp-block-embed-youtube wp-embed-aspect-16-9 wp-has-aspect-ratio\" style=\"margin-top:var(--wp--preset--spacing--30);margin-bottom:var(--wp--preset--spacing--30)\"><div class=\"wp-block-embed__wrapper\">\n<iframe loading=\"lazy\" title=\"Palack\u00fd University, Olomouc\" width=\"500\" height=\"281\" src=\"https:\/\/www.youtube.com\/embed\/RXT2KOcG2zE?feature=oembed\" frameborder=\"0\" allow=\"accelerometer; autoplay; clipboard-write; encrypted-media; gyroscope; picture-in-picture; web-share\" referrerpolicy=\"strict-origin-when-cross-origin\" allowfullscreen><\/iframe>\n<\/div><\/figure>\n\n\n\n<figure class=\"wp-block-embed is-type-video is-provider-youtube wp-block-embed-youtube wp-embed-aspect-16-9 wp-has-aspect-ratio\" style=\"margin-top:var(--wp--preset--spacing--30);margin-bottom:var(--wp--preset--spacing--30)\"><div class=\"wp-block-embed__wrapper\">\n<iframe loading=\"lazy\" title=\"Olomouc - University City\" width=\"500\" height=\"281\" src=\"https:\/\/www.youtube.com\/embed\/z1nHw2xhw3M?feature=oembed\" frameborder=\"0\" allow=\"accelerometer; autoplay; clipboard-write; encrypted-media; gyroscope; picture-in-picture; web-share\" referrerpolicy=\"strict-origin-when-cross-origin\" allowfullscreen><\/iframe>\n<\/div><\/figure>\n\n\n\n<figure class=\"wp-block-embed is-type-video is-provider-youtube wp-block-embed-youtube wp-embed-aspect-16-9 wp-has-aspect-ratio\" style=\"margin-top:var(--wp--preset--spacing--30);margin-bottom:var(--wp--preset--spacing--30)\"><div class=\"wp-block-embed__wrapper\">\n<iframe loading=\"lazy\" title=\"Univerzita Palack\u00e9ho | Olomouc | genius loci...\" width=\"500\" height=\"281\" src=\"https:\/\/www.youtube.com\/embed\/lNmvDrLlfY8?feature=oembed\" frameborder=\"0\" allow=\"accelerometer; autoplay; clipboard-write; encrypted-media; gyroscope; picture-in-picture; web-share\" referrerpolicy=\"strict-origin-when-cross-origin\" allowfullscreen><\/iframe>\n<\/div><\/figure>\n<\/div>","protected":false},"excerpt":{"rendered":"<p>Olomouc si zamilujete Centrum Olomouce je historick\u00e9 a z\u00e1rove\u0148 modern\u00ed. V dosahu je v\u0161e, co pot\u0159ebujete: restaurace, kav\u00e1rny, knihovny, parky. Univerzitn\u00ed budovy stoj\u00ed vedle n\u00e1dhern\u00fdch kostel\u016f v podmaniv\u00fdch uli\u010dk\u00e1ch centra. Stotis\u00edcov\u00e1 Olomouc je v pr\u016fb\u011bhu semestru pln\u00e1 mlad\u00fdch lid\u00ed, proto\u017ee student\u016f na univerzit\u011b je cca dvacet tis\u00edc a to u\u017e je na han\u00e1ck\u00e9 metropoli po\u0159\u00e1dn\u011b [&hellip;]<\/p>","protected":false},"author":2,"featured_media":0,"parent":0,"menu_order":0,"comment_status":"closed","ping_status":"closed","template":"blank","meta":{"inline_featured_image":false,"footnotes":""},"class_list":["post-150","page","type-page","status-publish","hentry"],"_links":{"self":[{"href":"https:\/\/krestanskemysleni.cz\/en\/wp-json\/wp\/v2\/pages\/150","targetHints":{"allow":["GET"]}}],"collection":[{"href":"https:\/\/krestanskemysleni.cz\/en\/wp-json\/wp\/v2\/pages"}],"about":[{"href":"https:\/\/krestanskemysleni.cz\/en\/wp-json\/wp\/v2\/types\/page"}],"author":[{"embeddable":true,"href":"https:\/\/krestanskemysleni.cz\/en\/wp-json\/wp\/v2\/users\/2"}],"replies":[{"embeddable":true,"href":"https:\/\/krestanskemysleni.cz\/en\/wp-json\/wp\/v2\/comments?post=150"}],"version-history":[{"count":8,"href":"https:\/\/krestanskemysleni.cz\/en\/wp-json\/wp\/v2\/pages\/150\/revisions"}],"predecessor-version":[{"id":200,"href":"https:\/\/krestanskemysleni.cz\/en\/wp-json\/wp\/v2\/pages\/150\/revisions\/200"}],"wp:attachment":[{"href":"https:\/\/krestanskemysleni.cz\/en\/wp-json\/wp\/v2\/media?parent=150"}],"curies":[{"name":"wp","href":"https:\/\/api.w.org\/{rel}","templated":true}]}}