{"id":51,"date":"2025-09-24T12:04:20","date_gmt":"2025-09-24T10:04:20","guid":{"rendered":"https:\/\/krestanskemysleni.cz\/?page_id=51"},"modified":"2025-09-25T16:52:13","modified_gmt":"2025-09-25T14:52:13","slug":"olomouc","status":"publish","type":"page","link":"https:\/\/krestanskemysleni.cz\/en\/olomouc\/","title":{"rendered":"Christian Thought PhD"},"content":{"rendered":"<div class=\"wp-block-cover is-light\" style=\"min-height:700px;aspect-ratio:unset;\"><img loading=\"lazy\" decoding=\"async\" width=\"1920\" height=\"878\" class=\"wp-block-cover__image-background wp-image-24 size-full\" alt=\"\" src=\"https:\/\/krestanskemysleni.cz\/wp-content\/uploads\/2025\/09\/9eccec_921a1af0cd4841fb8f485e86bf04848emv2.avif\" data-object-fit=\"cover\"\/><span aria-hidden=\"true\" class=\"wp-block-cover__background has-background-dim-0 has-background-dim\"><\/span><div class=\"wp-block-cover__inner-container has-global-padding is-layout-constrained wp-container-core-cover-is-layout-8f41cee4 wp-block-cover-is-layout-constrained\">\n<p class=\"has-text-align-center has-base-color has-text-color has-background has-link-color has-x-large-font-size wp-elements-c0ee07f8545b7383fc5877a459c378f1\" style=\"background-color:#000000ba;margin-top:0;margin-bottom:0;padding-top:0;padding-right:0;padding-bottom:0;padding-left:0;font-style:normal;font-weight:200;letter-spacing:4px\">Christian Thought PhD<\/p>\n\n\n\n<p class=\"has-text-align-center has-base-color has-text-color has-link-color wp-elements-a1deb4726884ac1c33f4b45f636eae05\" style=\"padding-top:16px;padding-bottom:16px\">Ph.D. program<\/p>\n<\/div><\/div>\n\n\n\n<div class=\"wp-block-group is-layout-flow wp-block-group-is-layout-flow\" style=\"margin-top:var(--wp--preset--spacing--40);margin-bottom:var(--wp--preset--spacing--40);padding-right:var(--wp--preset--spacing--30);padding-left:var(--wp--preset--spacing--30)\">\n<p class=\"has-text-align-center has-x-large-font-size\" style=\"font-style:normal;font-weight:300\">Study PhD at Palack\u00fd University Olomouc, Czech Republic<\/p>\n\n\n\n<div class=\"wp-block-group has-global-padding is-layout-constrained wp-block-group-is-layout-constrained\" style=\"margin-top:var(--wp--preset--spacing--30);margin-bottom:var(--wp--preset--spacing--30)\">\n<p class=\"has-text-align-center\" style=\"font-style:normal;font-weight:300\">\u201cThe study program Christian Thinking is primarily focused on research. Students prepare for independent creative research  in themes and areas where theology meets with additional disciplines, such as, for example, Christian philosophy, Church history and applied ethics.\u201d<\/p>\n\n\n\n<p class=\"has-text-align-center\" style=\"margin-top:8px;margin-bottom:8px;font-style:italic;font-weight:300\">(Assoc. Prof. V\u00edt Hu\u0161ek, Guarantor of the Program)<\/p>\n<\/div>\n\n\n\n<div class=\"wp-block-group has-global-padding is-layout-constrained wp-container-core-group-is-layout-4310e6f8 wp-block-group-is-layout-constrained\">\n<div class=\"wp-block-buttons is-vertical is-content-justification-center is-layout-flex wp-container-core-buttons-is-layout-0a6f87f4 wp-block-buttons-is-layout-flex\" style=\"margin-top:0;margin-bottom:0\">\n\n\n<div class=\"wp-block-button has-custom-width wp-block-button__width-100\"><a class=\"wp-block-button__link wp-element-button\" href=\"http:\/\/www.prihlaska.upol.cz\/\" target=\"_blank\" rel=\"noopener\">Admission<\/a><\/div>\n<\/div>\n<\/div>\n\n\n\n<p class=\"has-text-align-center\" style=\"margin-top:8px;margin-bottom:8px;font-style:normal;font-weight:300\">The deadline for submitting proposals is 31 May of each year.<\/p>\n\n\n\n<div class=\"wp-block-group has-global-padding is-layout-constrained wp-block-group-is-layout-constrained\" style=\"margin-top:var(--wp--preset--spacing--30);margin-bottom:var(--wp--preset--spacing--30)\"><\/div>\n<\/div>\n\n\n\n<div class=\"wp-block-cover is-light\" style=\"min-height:300px;aspect-ratio:unset;\"><img loading=\"lazy\" decoding=\"async\" width=\"1976\" height=\"578\" class=\"wp-block-cover__image-background wp-image-78 size-full\" alt=\"\" src=\"https:\/\/krestanskemysleni.cz\/wp-content\/uploads\/2025\/09\/9eccec_e5b5727d25ee46259bb2fc1b3f9504edmv2.avif\" style=\"object-position:50% 0%\" data-object-fit=\"cover\" data-object-position=\"50% 0%\"\/><span aria-hidden=\"true\" class=\"wp-block-cover__background has-background-dim-0 has-background-dim\"><\/span><div class=\"wp-block-cover__inner-container has-global-padding is-layout-constrained wp-block-cover-is-layout-constrained\">\n<p><\/p>\n<\/div><\/div>\n\n\n\n<div class=\"wp-block-group is-layout-flow wp-block-group-is-layout-flow\" style=\"margin-top:var(--wp--preset--spacing--40);margin-bottom:var(--wp--preset--spacing--40);padding-right:0;padding-left:0\">\n<p class=\"has-text-align-center has-x-large-font-size\" style=\"font-style:normal;font-weight:300\">You can look forward to<\/p>\n\n\n\n\n\n<div class=\"wp-block-columns is-layout-flex wp-container-core-columns-is-layout-ca53be5d wp-block-columns-is-layout-flex\" style=\"margin-top:var(--wp--preset--spacing--30);margin-bottom:var(--wp--preset--spacing--30);padding-top:0;padding-right:var(--wp--preset--spacing--30);padding-bottom:0;padding-left:var(--wp--preset--spacing--30)\">\n<div class=\"wp-block-column is-vertically-aligned-stretch is-layout-flow wp-container-core-column-is-layout-d15d5df4 wp-block-column-is-layout-flow\" style=\"padding-right:0;padding-left:0\">\n<hr class=\"wp-block-separator has-alpha-channel-opacity is-style-wide\"\/>\n\n\n\n<p style=\"font-style:normal;font-weight:300\">Exploring interdisciplinary contact between theology, history, philosophy, classical philology or other disciplines<\/p>\n<\/div>\n\n\n\n<div class=\"wp-block-column is-vertically-aligned-stretch is-layout-flow wp-container-core-column-is-layout-d15d5df4 wp-block-column-is-layout-flow\" style=\"padding-right:0;padding-left:0\">\n<hr class=\"wp-block-separator has-alpha-channel-opacity is-style-wide\"\/>\n\n\n\n<p style=\"font-style:normal;font-weight:300\">Learning to conduct independent scholarly research<\/p>\n<\/div>\n\n\n\n<div class=\"wp-block-column is-vertically-aligned-stretch is-layout-flow wp-container-core-column-is-layout-d15d5df4 wp-block-column-is-layout-flow\" style=\"padding-right:0;padding-left:0\">\n<hr class=\"wp-block-separator has-alpha-channel-opacity is-style-wide\"\/>\n\n\n\n<p style=\"font-style:normal;font-weight:300\">Working with an international scholarly network and interacting with the international scholarly community<\/p>\n<\/div>\n\n\n\n<div class=\"wp-block-column is-vertically-aligned-stretch is-layout-flow wp-container-core-column-is-layout-d15d5df4 wp-block-column-is-layout-flow\" style=\"padding-right:0;padding-left:0\">\n<hr class=\"wp-block-separator has-alpha-channel-opacity is-style-wide\"\/>\n\n\n\n<p style=\"font-style:normal;font-weight:300\">Learning to communicate the results of your work competently in English and another world language<\/p>\n<\/div>\n<\/div>\n\n\n\n<div class=\"wp-block-columns is-layout-flex wp-container-core-columns-is-layout-ca53be5d wp-block-columns-is-layout-flex\" style=\"margin-top:var(--wp--preset--spacing--30);margin-bottom:var(--wp--preset--spacing--30);padding-top:0;padding-right:var(--wp--preset--spacing--30);padding-bottom:0;padding-left:var(--wp--preset--spacing--30)\">\n<div class=\"wp-block-column is-vertically-aligned-stretch is-layout-flow wp-container-core-column-is-layout-d15d5df4 wp-block-column-is-layout-flow\" style=\"padding-right:0;padding-left:0\">\n<hr class=\"wp-block-separator has-alpha-channel-opacity is-style-wide\"\/>\n\n\n\n<p style=\"font-style:normal;font-weight:300\">Participating in international conferences<\/p>\n<\/div>\n\n\n\n<div class=\"wp-block-column is-vertically-aligned-stretch is-layout-flow wp-container-core-column-is-layout-d15d5df4 wp-block-column-is-layout-flow\" style=\"padding-right:0;padding-left:0\">\n<hr class=\"wp-block-separator has-alpha-channel-opacity is-style-wide\"\/>\n\n\n\n<p style=\"font-style:normal;font-weight:300\">Making an acquaintance with calls for grants<\/p>\n<\/div>\n\n\n\n<div class=\"wp-block-column is-vertically-aligned-stretch is-layout-flow wp-container-core-column-is-layout-d15d5df4 wp-block-column-is-layout-flow\" style=\"padding-right:0;padding-left:0\">\n<hr class=\"wp-block-separator has-alpha-channel-opacity is-style-wide\"\/>\n\n\n\n<p style=\"font-style:normal;font-weight:300\">Publishing internationally<\/p>\n<\/div>\n\n\n\n<div class=\"wp-block-column is-vertically-aligned-stretch is-layout-flow wp-container-core-column-is-layout-d15d5df4 wp-block-column-is-layout-flow\" style=\"padding-right:0;padding-left:0\">\n<hr class=\"wp-block-separator has-alpha-channel-opacity is-style-wide\"\/>\n\n\n\n<p style=\"font-style:normal;font-weight:300\">Research<\/p>\n<\/div>\n<\/div>\n<\/div>\n\n\n\n\n\n<div class=\"wp-block-cover is-light\" style=\"min-height:300px;aspect-ratio:unset;\"><img loading=\"lazy\" decoding=\"async\" width=\"1920\" height=\"477\" class=\"wp-block-cover__image-background wp-image-95 size-full\" alt=\"\" src=\"https:\/\/krestanskemysleni.cz\/wp-content\/uploads\/2025\/09\/9eccec_e2674f48b0894ff69c9f57919e9a67b9mv2.avif\" data-object-fit=\"cover\"\/><span aria-hidden=\"true\" class=\"wp-block-cover__background has-background-dim-0 has-background-dim\"><\/span><div class=\"wp-block-cover__inner-container has-global-padding is-layout-constrained wp-block-cover-is-layout-constrained\">\n<p><\/p>\n<\/div><\/div>\n\n\n\n\n\n<div class=\"wp-block-group is-layout-flow wp-block-group-is-layout-flow\" style=\"margin-top:var(--wp--preset--spacing--40);margin-bottom:var(--wp--preset--spacing--40);padding-right:0;padding-left:0\">\n<p class=\"has-text-align-center has-x-large-font-size\" style=\"font-style:normal;font-weight:300\">Competencies &amp; Employment<\/p>\n\n\n\n<div class=\"wp-block-columns is-layout-flex wp-container-core-columns-is-layout-ca53be5d wp-block-columns-is-layout-flex\" style=\"margin-top:var(--wp--preset--spacing--30);margin-bottom:var(--wp--preset--spacing--30);padding-top:0;padding-right:var(--wp--preset--spacing--30);padding-bottom:0;padding-left:var(--wp--preset--spacing--30)\">\n<div class=\"wp-block-column is-vertically-aligned-stretch is-layout-flow wp-container-core-column-is-layout-d15d5df4 wp-block-column-is-layout-flow\" style=\"padding-right:0;padding-left:0\">\n<hr class=\"wp-block-separator has-alpha-channel-opacity is-style-wide\"\/>\n\n\n\n<p style=\"font-style:normal;font-weight:300\">After graduating from the study program, you will understand the research problems at the crossroads of several disciplines.<\/p>\n<\/div>\n\n\n\n<div class=\"wp-block-column is-vertically-aligned-stretch is-layout-flow wp-container-core-column-is-layout-d15d5df4 wp-block-column-is-layout-flow\" style=\"padding-right:0;padding-left:0\">\n<hr class=\"wp-block-separator has-alpha-channel-opacity is-style-wide\"\/>\n\n\n\n<p style=\"font-style:normal;font-weight:300\">You will be able to develop and evaluate the concepts, theories and methods of your specialization.<\/p>\n<\/div>\n\n\n\n<div class=\"wp-block-column is-vertically-aligned-stretch is-layout-flow wp-container-core-column-is-layout-d15d5df4 wp-block-column-is-layout-flow\" style=\"padding-right:0;padding-left:0\">\n<hr class=\"wp-block-separator has-alpha-channel-opacity is-style-wide\"\/>\n\n\n\n<p style=\"font-style:normal;font-weight:300\">You will acquire new professional knowledge for your own creative activities in your selected specialization.<\/p>\n<\/div>\n\n\n\n<div class=\"wp-block-column is-vertically-aligned-stretch is-layout-flow wp-container-core-column-is-layout-d15d5df4 wp-block-column-is-layout-flow\" style=\"padding-right:0;padding-left:0\">\n<hr class=\"wp-block-separator has-alpha-channel-opacity is-style-wide\"\/>\n\n\n\n<p style=\"font-style:normal;font-weight:300\">You will find employment in academic, research or administrative positions. You will have the ability to participate in basic and applied research at all types of academic institutions and universities in theology and Christian thought.<\/p>\n<\/div>\n<\/div>\n<\/div>\n\n\n\n<div class=\"wp-block-cover is-light\" style=\"min-height:300px;aspect-ratio:unset;\"><img loading=\"lazy\" decoding=\"async\" width=\"1920\" height=\"657\" class=\"wp-block-cover__image-background wp-image-104 size-full\" alt=\"\" src=\"https:\/\/krestanskemysleni.cz\/wp-content\/uploads\/2025\/09\/9eccec_5d6f035cc3684540be3784aa90a80d2amv2.avif\" data-object-fit=\"cover\"\/><span aria-hidden=\"true\" class=\"wp-block-cover__background has-background-dim-0 has-background-dim\"><\/span><div class=\"wp-block-cover__inner-container has-global-padding is-layout-constrained wp-block-cover-is-layout-constrained\">\n<p><\/p>\n<\/div><\/div>\n\n\n\n\n\n<div class=\"wp-block-group has-custom-color-1-background-color has-background has-global-padding is-layout-constrained wp-container-core-group-is-layout-33657bd5 wp-block-group-is-layout-constrained\" style=\"margin-top:0;margin-bottom:0;padding-top:var(--wp--preset--spacing--30);padding-right:var(--wp--preset--spacing--30);padding-bottom:var(--wp--preset--spacing--30);padding-left:var(--wp--preset--spacing--30)\">\n<div class=\"wp-block-group has-global-padding is-layout-constrained wp-container-core-group-is-layout-fdf10cac wp-block-group-is-layout-constrained\">\n<div class=\"wp-block-buttons is-content-justification-center is-layout-flex wp-container-core-buttons-is-layout-a89b3969 wp-block-buttons-is-layout-flex\">\n<div class=\"wp-block-button has-custom-width wp-block-button__width-100\"><a class=\"wp-block-button__link has-background wp-element-button\" href=\"https:\/\/prihlaska.upol.cz\/prihlaska\/info.xhtml\" style=\"background-color:#000000b0\" target=\"_blank\" rel=\"noopener\">Admission<\/a><\/div>\n<\/div>\n<\/div>\n\n\n\n<p class=\"has-text-align-center has-base-color has-text-color has-link-color wp-elements-e967f87d9992c5775b09f182d78bc402\" style=\"margin-top:8px;margin-bottom:8px;font-style:normal;font-weight:300\">The deadline for submitting proposals is 31 May of each year.<\/p>\n\n\n\n<div class=\"wp-block-group has-global-padding is-layout-constrained wp-container-core-group-is-layout-fdf10cac wp-block-group-is-layout-constrained\">\n<div class=\"wp-block-buttons is-content-justification-center is-layout-flex wp-container-core-buttons-is-layout-a89b3969 wp-block-buttons-is-layout-flex\">\n<div class=\"wp-block-button has-custom-width wp-block-button__width-100\"><a class=\"wp-block-button__link has-background wp-element-button\" href=\"\/en\/prijimaci-zkouska\/\" style=\"background-color:#000000b0\">Admission procedure<\/a><\/div>\n<\/div>\n<\/div>\n\n\n\n<p class=\"has-text-align-center has-base-color has-text-color has-link-color wp-elements-c3243a99e4a51948552e9f2efeaf3e71\" style=\"margin-top:8px;margin-bottom:8px;font-style:normal;font-weight:300\">Annual fee is 1700 EUR<\/p>\n<\/div>\n\n\n\n<div class=\"wp-block-group has-global-padding is-layout-constrained wp-container-core-group-is-layout-45de2337 wp-block-group-is-layout-constrained\" style=\"padding-top:var(--wp--preset--spacing--30);padding-right:var(--wp--preset--spacing--30);padding-bottom:var(--wp--preset--spacing--30);padding-left:var(--wp--preset--spacing--30)\">\n<div class=\"wp-block-columns is-layout-flex wp-container-core-columns-is-layout-d0bbbce0 wp-block-columns-is-layout-flex\">\n<div class=\"wp-block-column is-layout-flow wp-block-column-is-layout-flow\">\n<p style=\"padding-top:16px;padding-bottom:16px;font-size:clamp(0.984rem, 0.984rem + ((1vw - 0.2rem) * 0.938), 1.5rem);\">Program Structure<\/p>\n\n\n\n<p style=\"font-style:normal;font-weight:300\">Your studies will follow an individual study plan that will be drawn up in collaboration with your supervisor. The curriculum consists of a combination of compulsory and elective courses.<\/p>\n<\/div>\n\n\n\n<div class=\"wp-block-column is-layout-flow wp-block-column-is-layout-flow\">\n<p style=\"padding-top:16px;padding-bottom:16px;font-size:clamp(0.984rem, 0.984rem + ((1vw - 0.2rem) * 0.938), 1.5rem);\">The list of courses includes the following<\/p>\n\n\n\n<ul style=\"font-style:normal;font-weight:300\" class=\"wp-block-list\">\n<li>Study of christian thought<\/li>\n\n\n\n<li>Academic writing<\/li>\n\n\n\n<li>Participation in research activities<\/li>\n\n\n\n<li>Participation in academic activities<\/li>\n\n\n\n<li>Latin, Greek, Biblical Hebrew (elective courses with respect to the dissertation thesis)<\/li>\n\n\n\n<li>Christian philosophy<\/li>\n\n\n\n<li>Theology of the early church<\/li>\n\n\n\n<li>Church history (elective courses)<\/li>\n<\/ul>\n\n\n\n<p class=\"has-contrast-color has-text-color has-link-color wp-elements-56c83c7a9adba485f716cae81a20de4c\" style=\"padding-top:16px;padding-bottom:16px;text-decoration:underline\"><a href=\"https:\/\/www.cmtf.upol.cz\/fileadmin\/userdata\/CMTF\/veda\/doktorske_studium\/2021_2020_phd_christian_though_study_plans.pdf\" target=\"_blank\" rel=\"noopener\">STUDY PLAN<\/a><\/p>\n<\/div>\n\n\n\n<div class=\"wp-block-column is-layout-flow wp-block-column-is-layout-flow\">\n<p style=\"padding-top:16px;padding-bottom:16px;font-size:clamp(0.984rem, 0.984rem + ((1vw - 0.2rem) * 0.938), 1.5rem);\">Requirements<\/p>\n\n\n\n<ul style=\"font-style:normal;font-weight:300\" class=\"wp-block-list\">\n<li>Passing a foreign language exam<\/li>\n\n\n\n<li>Completing part of your studies abroad \/ participating in an international project<\/li>\n\n\n\n<li>Writing a review for a peer-reviewed journal<\/li>\n\n\n\n<li>Preparing eight topics for the state doctoral exam (they must not overlap with the content of the dissertation)<\/li>\n\n\n\n<li>Writing a dissertation of at least 120 pages \u2013 it must contain original and published results or results accepted for publication<\/li>\n<\/ul>\n<\/div>\n<\/div>\n<\/div>","protected":false},"excerpt":{"rendered":"<p>Ph.D. studium na Univerzit\u011b Palack\u00e9ho v Olomouci \u201eStudijn\u00ed program K\u0159es\u0165ansk\u00e9 my\u0161len\u00ed je prim\u00e1rn\u011b zam\u011b\u0159en na v\u00fdzkum. Studenty p\u0159ipravuje na samostatn\u00e9 tv\u016fr\u010d\u00ed b\u00e1d\u00e1n\u00ed v t\u00e9matech\/oblastech, kde se teologie potk\u00e1v\u00e1 s dal\u0161\u00edmi discipl\u00ednami, jako je nap\u0159\u00edklad k\u0159es\u0165ansk\u00e1 filozofie, c\u00edrkevn\u00ed d\u011bjiny \u010di aplikovan\u00e1 etika.\u201c garant programu doc. V\u00edt Hu\u0161ek P\u0159ihl\u00e1\u0161ku m\u016f\u017eete podat do konce kv\u011btna. Co Ph.D. program [&hellip;]<\/p>","protected":false},"author":2,"featured_media":0,"parent":0,"menu_order":0,"comment_status":"closed","ping_status":"closed","template":"blank","meta":{"inline_featured_image":false,"footnotes":""},"class_list":["post-51","page","type-page","status-publish","hentry"],"_links":{"self":[{"href":"https:\/\/krestanskemysleni.cz\/en\/wp-json\/wp\/v2\/pages\/51","targetHints":{"allow":["GET"]}}],"collection":[{"href":"https:\/\/krestanskemysleni.cz\/en\/wp-json\/wp\/v2\/pages"}],"about":[{"href":"https:\/\/krestanskemysleni.cz\/en\/wp-json\/wp\/v2\/types\/page"}],"author":[{"embeddable":true,"href":"https:\/\/krestanskemysleni.cz\/en\/wp-json\/wp\/v2\/users\/2"}],"replies":[{"embeddable":true,"href":"https:\/\/krestanskemysleni.cz\/en\/wp-json\/wp\/v2\/comments?post=51"}],"version-history":[{"count":54,"href":"https:\/\/krestanskemysleni.cz\/en\/wp-json\/wp\/v2\/pages\/51\/revisions"}],"predecessor-version":[{"id":243,"href":"https:\/\/krestanskemysleni.cz\/en\/wp-json\/wp\/v2\/pages\/51\/revisions\/243"}],"wp:attachment":[{"href":"https:\/\/krestanskemysleni.cz\/en\/wp-json\/wp\/v2\/media?parent=51"}],"curies":[{"name":"wp","href":"https:\/\/api.w.org\/{rel}","templated":true}]}}